{"id":410,"date":"2017-07-28T08:11:20","date_gmt":"2017-07-28T08:11:20","guid":{"rendered":"https:\/\/www.ecorecreo.ca\/?page_id=410\/"},"modified":"2025-10-14T18:21:16","modified_gmt":"2025-10-14T18:21:16","slug":"parc-jean-drapeau","status":"publish","type":"page","link":"https:\/\/www.ecorecreo.ca\/en\/rental-locations\/parc-jean-drapeau\/","title":{"rendered":"Parc Jean-Drapeau"},"content":{"rendered":"","protected":false},"excerpt":{"rendered":"","protected":false},"author":2,"featured_media":0,"parent":412,"menu_order":0,"comment_status":"closed","ping_status":"closed","template":"","meta":{"footnotes":""},"class_list":["post-410","page","type-page","status-publish","hentry"],"yoast_head":"<!-- This site is optimized with the Yoast SEO plugin v25.4 - https:\/\/yoast.com\/wordpress\/plugins\/seo\/ -->\n<title>Parc Jean-Drapeau - \u00c9cor\u00e9cr\u00e9o<\/title>\n<meta name=\"description\" content=\"Rental of snowshoes, ice skates, cross-country skis, fat bikes and kicksled located near the Jean-Drapeau station\" \/>\n<meta name=\"robots\" content=\"index, follow, max-snippet:-1, max-image-preview:large, max-video-preview:-1\" \/>\n<link rel=\"canonical\" href=\"https:\/\/www.ecorecreo.ca\/en\/rental-locations\/parc-jean-drapeau\/\" \/>\n<meta property=\"og:locale\" content=\"en_US\" \/>\n<meta property=\"og:type\" content=\"article\" \/>\n<meta property=\"og:title\" content=\"Parc Jean-Drapeau - \u00c9cor\u00e9cr\u00e9o\" \/>\n<meta property=\"og:description\" content=\"Rental of snowshoes, ice skates, cross-country skis, fat bikes and kicksled located near the Jean-Drapeau station\" \/>\n<meta property=\"og:url\" content=\"https:\/\/www.ecorecreo.ca\/en\/rental-locations\/parc-jean-drapeau\/\" \/>\n<meta property=\"og:site_name\" content=\"\u00c9cor\u00e9cr\u00e9o\" \/>\n<meta property=\"article:modified_time\" content=\"2025-10-14T18:21:16+00:00\" \/>\n<meta name=\"twitter:card\" content=\"summary_large_image\" \/>\n<script type=\"application\/ld+json\" class=\"yoast-schema-graph\">{\"@context\":\"https:\/\/schema.org\",\"@graph\":[{\"@type\":\"WebPage\",\"@id\":\"https:\/\/www.ecorecreo.ca\/en\/rental-locations\/parc-jean-drapeau\/\",\"url\":\"https:\/\/www.ecorecreo.ca\/en\/rental-locations\/parc-jean-drapeau\/\",\"name\":\"Parc Jean-Drapeau - \u00c9cor\u00e9cr\u00e9o\",\"isPartOf\":{\"@id\":\"https:\/\/www.ecorecreo.ca\/#website\"},\"datePublished\":\"2017-07-28T08:11:20+00:00\",\"dateModified\":\"2025-10-14T18:21:16+00:00\",\"description\":\"Rental of snowshoes, ice skates, cross-country skis, fat bikes and kicksled located near the Jean-Drapeau station\",\"breadcrumb\":{\"@id\":\"https:\/\/www.ecorecreo.ca\/en\/rental-locations\/parc-jean-drapeau\/#breadcrumb\"},\"inLanguage\":\"en-US\",\"potentialAction\":[{\"@type\":\"ReadAction\",\"target\":[\"https:\/\/www.ecorecreo.ca\/en\/rental-locations\/parc-jean-drapeau\/\"]}]},{\"@type\":\"BreadcrumbList\",\"@id\":\"https:\/\/www.ecorecreo.ca\/en\/rental-locations\/parc-jean-drapeau\/#breadcrumb\",\"itemListElement\":[{\"@type\":\"ListItem\",\"position\":1,\"name\":\"Accueil\",\"item\":\"https:\/\/www.ecorecreo.ca\/en\/outdoor-recreational-rental-products\/\"},{\"@type\":\"ListItem\",\"position\":2,\"name\":\"Places to discover\",\"item\":\"https:\/\/www.ecorecreo.ca\/en\/rental-locations\/\"},{\"@type\":\"ListItem\",\"position\":3,\"name\":\"Parc Jean-Drapeau\"}]},{\"@type\":\"WebSite\",\"@id\":\"https:\/\/www.ecorecreo.ca\/#website\",\"url\":\"https:\/\/www.ecorecreo.ca\/\",\"name\":\"\u00c9cor\u00e9cr\u00e9o\",\"description\":\"\u00c9cor\u00e9cr\u00e9o\",\"potentialAction\":[{\"@type\":\"SearchAction\",\"target\":{\"@type\":\"EntryPoint\",\"urlTemplate\":\"https:\/\/www.ecorecreo.ca\/?s={search_term_string}\"},\"query-input\":{\"@type\":\"PropertyValueSpecification\",\"valueRequired\":true,\"valueName\":\"search_term_string\"}}],\"inLanguage\":\"en-US\"}]}<\/script>\n<!-- \/ Yoast SEO plugin. -->","yoast_head_json":{"title":"Parc Jean-Drapeau - \u00c9cor\u00e9cr\u00e9o","description":"Rental of snowshoes, ice skates, cross-country skis, fat bikes and kicksled located near the Jean-Drapeau station","robots":{"index":"index","follow":"follow","max-snippet":"max-snippet:-1","max-image-preview":"max-image-preview:large","max-video-preview":"max-video-preview:-1"},"canonical":"https:\/\/www.ecorecreo.ca\/en\/rental-locations\/parc-jean-drapeau\/","og_locale":"en_US","og_type":"article","og_title":"Parc Jean-Drapeau - \u00c9cor\u00e9cr\u00e9o","og_description":"Rental of snowshoes, ice skates, cross-country skis, fat bikes and kicksled located near the Jean-Drapeau station","og_url":"https:\/\/www.ecorecreo.ca\/en\/rental-locations\/parc-jean-drapeau\/","og_site_name":"\u00c9cor\u00e9cr\u00e9o","article_modified_time":"2025-10-14T18:21:16+00:00","twitter_card":"summary_large_image","schema":{"@context":"https:\/\/schema.org","@graph":[{"@type":"WebPage","@id":"https:\/\/www.ecorecreo.ca\/en\/rental-locations\/parc-jean-drapeau\/","url":"https:\/\/www.ecorecreo.ca\/en\/rental-locations\/parc-jean-drapeau\/","name":"Parc Jean-Drapeau - \u00c9cor\u00e9cr\u00e9o","isPartOf":{"@id":"https:\/\/www.ecorecreo.ca\/#website"},"datePublished":"2017-07-28T08:11:20+00:00","dateModified":"2025-10-14T18:21:16+00:00","description":"Rental of snowshoes, ice skates, cross-country skis, fat bikes and kicksled located near the Jean-Drapeau station","breadcrumb":{"@id":"https:\/\/www.ecorecreo.ca\/en\/rental-locations\/parc-jean-drapeau\/#breadcrumb"},"inLanguage":"en-US","potentialAction":[{"@type":"ReadAction","target":["https:\/\/www.ecorecreo.ca\/en\/rental-locations\/parc-jean-drapeau\/"]}]},{"@type":"BreadcrumbList","@id":"https:\/\/www.ecorecreo.ca\/en\/rental-locations\/parc-jean-drapeau\/#breadcrumb","itemListElement":[{"@type":"ListItem","position":1,"name":"Accueil","item":"https:\/\/www.ecorecreo.ca\/en\/outdoor-recreational-rental-products\/"},{"@type":"ListItem","position":2,"name":"Places to discover","item":"https:\/\/www.ecorecreo.ca\/en\/rental-locations\/"},{"@type":"ListItem","position":3,"name":"Parc Jean-Drapeau"}]},{"@type":"WebSite","@id":"https:\/\/www.ecorecreo.ca\/#website","url":"https:\/\/www.ecorecreo.ca\/","name":"\u00c9cor\u00e9cr\u00e9o","description":"\u00c9cor\u00e9cr\u00e9o","potentialAction":[{"@type":"SearchAction","target":{"@type":"EntryPoint","urlTemplate":"https:\/\/www.ecorecreo.ca\/?s={search_term_string}"},"query-input":{"@type":"PropertyValueSpecification","valueRequired":true,"valueName":"search_term_string"}}],"inLanguage":"en-US"}]}},"_links":{"self":[{"href":"https:\/\/www.ecorecreo.ca\/en\/wp-json\/wp\/v2\/pages\/410","targetHints":{"allow":["GET"]}}],"collection":[{"href":"https:\/\/www.ecorecreo.ca\/en\/wp-json\/wp\/v2\/pages"}],"about":[{"href":"https:\/\/www.ecorecreo.ca\/en\/wp-json\/wp\/v2\/types\/page"}],"author":[{"embeddable":true,"href":"https:\/\/www.ecorecreo.ca\/en\/wp-json\/wp\/v2\/users\/2"}],"replies":[{"embeddable":true,"href":"https:\/\/www.ecorecreo.ca\/en\/wp-json\/wp\/v2\/comments?post=410"}],"version-history":[{"count":2,"href":"https:\/\/www.ecorecreo.ca\/en\/wp-json\/wp\/v2\/pages\/410\/revisions"}],"predecessor-version":[{"id":749,"href":"https:\/\/www.ecorecreo.ca\/en\/wp-json\/wp\/v2\/pages\/410\/revisions\/749"}],"up":[{"embeddable":true,"href":"https:\/\/www.ecorecreo.ca\/en\/wp-json\/wp\/v2\/pages\/412"}],"wp:attachment":[{"href":"https:\/\/www.ecorecreo.ca\/en\/wp-json\/wp\/v2\/media?parent=410"}],"curies":[{"name":"wp","href":"https:\/\/api.w.org\/{rel}","templated":true}]}}